{"id":3,"date":"2019-12-03T14:30:16","date_gmt":"2019-12-03T13:30:16","guid":{"rendered":"http:\/\/localhost:8080\/?page_id=3"},"modified":"2025-11-01T11:21:11","modified_gmt":"2025-11-01T10:21:11","slug":"datenschutzerklaerung","status":"publish","type":"page","link":"https:\/\/oer-berlin.de\/?page_id=3","title":{"rendered":"Datenschutzerkl\u00e4rung"},"content":{"rendered":"\n<p><strong>Verantwortliche\/r<\/strong><\/p>\n\n\n\n<p>Verantwortliche\/r im Sinne der Datenschutz-Grundverordnung (DSGVO) und anderer nationaler Datenschutzgesetze der Mitgliedsstaaten sowie sonstiger datenschutzrechtlicher Bestimmungen ist:<\/p>\n\n\n\n<p>Senatsverwaltung f\u00fcr Bildung, Jugend und Familie<br>Bernhard-Wei\u00df-Str. 6<br>10178 Berlin<\/p>\n\n\n\n<p><strong>Name und Anschrift des DSB (Datenschutzbeauftragten)<\/strong><\/p>\n\n\n\n<p>Der\/die Datenschutzbeauftragte des Verantwortlichen ist:<br>\u00dcmit Teke<br>Senatsverwaltung f\u00fcr Bildung, Jugend und Familie<br>Bernhard-Wei\u00df-Str. 6<br>10178 Berlin<\/p>\n\n\n\n<p>E-Mail: <a href=\"mailto:Uemit.Teke@senbjf.berlin.de\">Uemit.Teke@senbjf.berlin.de<\/a><\/p>\n\n\n\n<p><strong>Umfang und Zweck der Verarbeitung pers\u00f6nlicher Daten<\/strong><\/p>\n\n\n\n<p>Die Betreiber dieser Seiten nehmen den Schutz Ihrer pers\u00f6nlichen Daten sehr ernst. Wir behandeln Ihre personenbezogenen Daten vertraulich und entsprechend der gesetzlichen Datenschutzvorschriften. Die Nutzung unserer Webseite\/Repository ist in der Regel ohne Angabe personenbezogener Daten m\u00f6glich. Wir verarbeiten personenbezogene Daten unserer Nutzer grunds\u00e4tzlich nur, soweit dies zur Bereitstellung einer funktionsf\u00e4higen Website sowie unserer Inhalte und Leistungen erforderlich ist. Soweit auf unseren Seiten personenbezogene Daten erhoben werden, erfolgt dies, soweit technisch m\u00f6glich, stets auf freiwilliger Basis im Wege der vorherigen Einwilligung. Eine Ausnahme gilt in solchen F\u00e4llen, in denen eine vorherige Einholung einer Einwilligung aus tats\u00e4chlichen Gr\u00fcnden nicht m\u00f6glich ist und die Verarbeitung der Daten durch gesetzliche Vorschriften gestattet ist. Eine Weitergabe von Daten an Dritte ohne ausdr\u00fcckliche Zustimmung erfolgt nicht.<\/p>\n\n\n\n<p><strong>Speicherdauer<\/strong><\/p>\n\n\n\n<p>Die personenbezogenen Daten der betroffenen Person werden gel\u00f6scht oder gesperrt, sobald der Zweck der Speicherung entf\u00e4llt. Eine Speicherung kann dar\u00fcber hinaus erfolgen, wenn dies durch den europ\u00e4ischen oder nationalen Gesetzgeber in unionsrechtlichen Verordnungen, Gesetzen oder sonstigen Vorschriften, denen der Verantwortliche unterliegt, vorgesehen wurde.<\/p>\n\n\n\n<p><strong>Auskunft, L\u00f6schung, Sperrung<\/strong><\/p>\n\n\n\n<p>Sie haben jederzeit das Recht auf unentgeltliche Auskunft \u00fcber Ihre gespeicherten personenbezogenen Daten, deren Herkunft und Empf\u00e4nger und den Zweck der Datenverarbeitung sowie ein Recht auf Berichtigung, Sperrung oder L\u00f6schung dieser Daten. Hierzu sowie zu weiteren Fragen zum Thema personenbezogene Daten k\u00f6nnen Sie sich jederzeit unter der im Impressum angegebenen Adresse an uns wenden.<\/p>\n\n\n\n<p>Unbeschadet eines anderweitigen verwaltungsrechtlichen oder gerichtlichen Rechtsbehelfs steht Ihnen das Recht auf Beschwerde bei einer Aufsichtsbeh\u00f6rde, insbesondere in dem Mitgliedstaat ihres Aufenthaltsorts, ihres Arbeitsplatzes oder des Orts des mutma\u00dflichen Versto\u00dfes, zu, wenn Sie der Ansicht sind, dass die Verarbeitung der Sie betreffenden personenbezogenen Daten gegen die DSGVO verst\u00f6\u00dft.<\/p>\n\n\n\n<p><strong>Cookies<\/strong><\/p>\n\n\n\n<p>Auf unseren Internetseiten verwenden wir Cookies. Diese dienen dazu, unser Angebot nutzerfreundlicher, effektiver und sicherer zu machen. Cookies sind kleine Textdateien, die auf Ihrem Rechner abgelegt werden und die Ihr Browser speichert. Die meisten der von uns verwendeten Cookies sind so genannte \u201eSession-Cookies\u201d. Sie werden nach Ende Ihres Besuchs automatisch gel\u00f6scht. Andere Cookies bleiben auf Ihrem Endger\u00e4t gespeichert, bis Sie diese l\u00f6schen. Diese Cookies erm\u00f6glichen es uns, Ihren Browser beim n\u00e4chsten Besuch wiederzuerkennen und die Funktionsf\u00e4higkeit unserer Internetseiten zu gew\u00e4hrleisten.<\/p>\n\n\n\n<p>In den Cookies werden dabei folgende Daten gespeichert und \u00fcbermittelt:<\/p>\n\n\n\n<ul class=\"wp-block-list\">\n<li>Session-ID<\/li>\n<\/ul>\n\n\n\n<p>Sie k\u00f6nnen Ihren Browser so einstellen, dass Sie \u00fcber das Setzen von Cookies informiert werden und Cookies nur im Einzelfall erlauben, die Annahme von Cookies f\u00fcr bestimmte F\u00e4lle oder generell ausschlie\u00dfen sowie das automatische L\u00f6schen der Cookies beim Schlie\u00dfen des Browsers aktivieren. Bei der Deaktivierung von Cookies kann die Funktionalit\u00e4t dieser Website eingeschr\u00e4nkt sein.<\/p>\n\n\n\n<p><strong>Server-Log-Files<\/strong><\/p>\n\n\n\n<p>Beim Aufrufen unserer Website\/Repository erheben und speichern wir automatisch Informationen in so genannten Server-Log Files, die Ihr Browser automatisch an uns \u00fcbermittelt. Diese Informationen umfassen:<\/p>\n\n\n\n<ul class=\"wp-block-list\">\n<li>Browsertyp und -version<\/li>\n\n\n\n<li>verwendetes Betriebssystem<\/li>\n\n\n\n<li>Webseite, von der aus Sie uns besuchen (Referrer URL)<\/li>\n\n\n\n<li>unsere Webseiten, die Sie besuchen (Reiteransichten)<\/li>\n\n\n\n<li>Datum und Uhrzeit Ihres Zugriffs<\/li>\n\n\n\n<li>Ihre Internet Protokoll (IP)-Adresse<\/li>\n<\/ul>\n\n\n\n<p>Diese Daten sind nicht bestimmten Personen zuordenbar. Eine Zusammenf\u00fchrung dieser Daten mit anderen Datenquellen wird nicht vorgenommen. Wir behalten uns vor, diese Daten nachtr\u00e4glich zu pr\u00fcfen, wenn uns konkrete Anhaltspunkte f\u00fcr eine rechtswidrige Nutzung bekannt werden. Die Log-Files werden nach zwei Wochen automatisch gel\u00f6scht.<\/p>\n\n\n\n<p>Die vor\u00fcbergehende Speicherung der IP-Adresse durch das System ist notwendig, um eine Auslieferung der Website an den Rechner des Nutzers zu erm\u00f6glichen.<\/p>\n\n\n\n<p><strong>Hosting Provider Dienst<\/strong><\/p>\n\n\n\n<p>Der technische Betrieb \/ Hosting erfolgt bei der GWDG in G\u00f6ttingen einem externen Dienstleister. Personenbezogenen Daten, die auf dieser Website erfasst werden, werden auf den Servern des Hosters gespeichert. Hierbei kann es sich v. a. um IP-Adressen, Kontaktanfragen, Meta- und Kommunikationsdaten, Kontaktdaten, Namen, Webseitenzugriffe und sonstige Daten, die \u00fcber eine Website generiert werden, handeln.<\/p>\n\n\n\n<p>Der Einsatz des Hosters erfolgt zum Zwecke der einer sicheren, schnellen und effizienten Bereitstellung unseres Online-Angebots durch einen professionellen Anbieter (Art. 6 Abs. 1 lit. f DSGVO).<\/p>\n\n\n\n<p>Der Hoster wird Ihre Daten nur insoweit verarbeiten, wie dies zur Erf\u00fcllung seiner Leistungspflichten erforderlich ist und unsere Weisungen in Bezug auf diese Daten befolgen. Mit dem Hosting Provider hat der technische Betreiber eine Auftragsdatenvereinbarung geschlossen.<\/p>\n\n\n\n<p>Technischer Betreiber:<\/p>\n\n\n\n<p>Gesellschaft f\u00fcr wissenschaftliche Datenverarbeitung mbH G\u00f6ttingen<br>Burckhardtweg 4<br>37077 G\u00f6ttingen<br>support@gwdg.de<br>www.gwdg.de<br>gwdg@gwdg.de<\/p>\n\n\n\n<p>Technischer Support Dienstleister:<\/p>\n\n\n\n<p>metaVentis GmbH <br>Am Horn 21a <br>999425 Weimar<br>metaventis.com<\/p>\n\n\n\n<p><strong>Kontaktm\u00f6glichkeit<\/strong><\/p>\n\n\n\n<p>Wir bieten Ihnen auf unserer Seite die M\u00f6glichkeit, mit uns \u00fcber ein Kontaktformular in Verbindung zu treten. In diesen F\u00e4llen werden die vom Nutzer gemachten Angaben zum Zwecke der Bearbeitung seiner Kontaktaufnahme gespeichert. Die sonstigen w\u00e4hrend des Absendevorgangs verarbeiteten personenbezogenen Daten dienen dazu, einen Missbrauch des Kontaktformulars zu verhindern und die Sicherheit unserer informationstechnischen Systeme sicherzustellen. Diese Daten umfassen:<\/p>\n\n\n\n<ul class=\"wp-block-list\">\n<li>IP-Adresse des Nutzers<\/li>\n\n\n\n<li>Datum und Uhrzeit der Registrierung<\/li>\n<\/ul>\n\n\n\n<p>Eine Weitergabe der Daten an Dritte erfolgt nicht.<\/p>\n\n\n\n<p>Die Daten werden gel\u00f6scht, sobald sie f\u00fcr die Erreichung des Zweckes ihrer Erhebung nicht mehr erforderlich sind. Die w\u00e4hrend des Absendevorgangs zus\u00e4tzlich erhobenen personenbezogenen Daten werden sp\u00e4testens nach einer Frist von 30 Tagen gel\u00f6scht.<\/p>\n\n\n\n<p><strong>Matomo<\/strong><\/p>\n\n\n\n<p>Wir nutzen auf unserer Website das Open-Source-Software-Tool Matomo (ehemals PIWIK) zur Analyse des Surfverhaltens unserer Nutzer. Die Software setzt ein Cookie auf dem Rechner der Nutzer (zu Cookies siehe bereits oben). Werden Einzelseiten unserer Website aufgerufen, so werden die im folgenden aufgef\u00fchrten Daten gespeichert.<\/p>\n\n\n\n<p>Im Einzelnen werden \u00fcber jeden Zugriff\/Abruf folgende Basisdaten gespeichert:<br>IP-Adresse, durch Verk\u00fcrzen anonymisiert<\/p>\n\n\n\n<ul class=\"wp-block-list\">\n<li>Cookie, zur Unterscheidung verschiedener Besucher<\/li>\n\n\n\n<li>Zuvor besuchte URL (Referrer), sofern vom Browser \u00fcbermittelt<\/li>\n\n\n\n<li>Name und Version des Betriebssystems<\/li>\n\n\n\n<li>Name, Version und Spracheinstellung des Browsers<\/li>\n<\/ul>\n\n\n\n<p>Zus\u00e4tzlich werden, sofern JavaScript aktiviert ist, \u00fcber jeden Zugriff\/Abruf folgende Daten gespeichert:<\/p>\n\n\n\n<ul class=\"wp-block-list\">\n<li>Besuchte URLs auf unserer Webseite<\/li>\n\n\n\n<li>Zeitpunkte der Seitenaufrufe<\/li>\n\n\n\n<li>Art der HTML-Anfragen<\/li>\n\n\n\n<li>Bildschirmaufl\u00f6sung und Farbtiefe<\/li>\n<\/ul>\n\n\n\n<p>Vom Browser unterst\u00fctzte Techniken und Formate (z. B. Cookies, Java, Flash, PDF, WindowsMedia, QuickTime, Realplayer, Director, SilverLight, Google Gears)<\/p>\n\n\n\n<p>Die Software l\u00e4uft dabei ausschlie\u00dflich auf unseren Servern, die in unserem Rechenzentrum durch uns betrieben werden. Eine Speicherung der personenbezogenen Daten der Nutzer findet nur dort statt. Eine Weitergabe der Daten an Dritte erfolgt nicht.<\/p>\n\n\n\n<p>Die Software ist so eingestellt, dass die IP-Adressen nicht vollst\u00e4ndig gespeichert werden, sondern 2 Bytes der IP-Adresse maskiert werden (Beispiel: 192.168.xxx.xxx). Auf diese Weise ist eine Zuordnung der gek\u00fcrzten IP-Adresse zum aufrufenden Rechner nicht mehr m\u00f6glich.<\/p>\n\n\n\n<p>Die Verarbeitung der personenbezogenen Daten der Nutzer erm\u00f6glicht eine Analyse des Surfverhaltens unserer Nutzer. Wir sind durch die Auswertung der gewonnenen Daten in der Lage, Informationen \u00fcber die Nutzung der einzelnen Komponenten unserer Webseite zusammenzustellen. Dies hilft uns dabei unsere Webseite und deren Nutzerfreundlichkeit stetig zu verbessern. In diesen Zwecken liegt auch unser berechtigtes Interesse in der Verarbeitung der Daten nach Art. 6 Abs. 1 lit. f DSGVO. Durch die Anonymisierung der IP-Adresse wird dem Interesse der Nutzer an deren Schutz personenbezogener Daten hinreichend Rechnung getragen.<\/p>\n\n\n\n<p>Die Daten werden gel\u00f6scht, sobald sie f\u00fcr unsere Aufzeichnungszwecke nicht mehr ben\u00f6tigt werden.<\/p>\n\n\n\n<p>Cookies werden auf dem Rechner des Nutzers gespeichert und von diesem an unserer Seite \u00fcbermittelt. Daher haben Sie als Nutzer auch die volle Kontrolle \u00fcber die Verwendung von Cookies. Durch eine \u00c4nderung der Einstellungen in Ihrem Internetbrowser k\u00f6nnen Sie die \u00dcbertragung von Cookies deaktivieren oder einschr\u00e4nken. Bereits gespeicherte Cookies k\u00f6nnen jederzeit gel\u00f6scht werden. Dies kann auch automatisiert erfolgen. Werden Cookies f\u00fcr unsere Website deaktiviert, k\u00f6nnen m\u00f6glicherweise nicht mehr alle Funktionen der Website vollumf\u00e4nglich genutzt werden.<\/p>\n\n\n\n<p>Sie haben folgende unabh\u00e4ngige M\u00f6glichkeit, einer Datenerfassung durch Matomo zu widersprechen: Aktivieren Sie in Ihrem Browser die Einstellung \u201eDo-Not-Track\u201c bzw. \u201eNicht folgen\u201c. Solange diese Einstellung aktiv ist, wird unser Matomo-System keinerlei Daten von Ihnen speichern.<\/p>\n\n\n\n<p>N\u00e4here Informationen zu den Privatsph\u00e4reeinstellungen der Matomo Software finden Sie unter folgendem Link: <a href=\"https:\/\/matomo.org\/docs\/privacy\/\">https:\/\/matomo.org\/docs\/privacy\/<\/a>.<\/p>\n\n\n\n<p><strong>Einbindung von Inhalten Dritter<\/strong><\/p>\n\n\n\n<p>Der Betreiber dieser Seite bindet im Wege des sogenannten Embedding Inhalte von Drittanbietern im Rahmen der Suchfunktion ein. Dabei werden angezeigten Inhalte lediglich verlinkt und verbleiben zu jeder Zeit auf den Servern der Drittanbieter. Eine Speicherung der Inhalte auf eigenen Servern des Betreibers dieser Seite erfolgt nicht.<\/p>\n\n\n\n<p>Ob und ggf. welche personenbezogenen Daten beim Aufrufen der verlinkten Inhalte seitens der Drittanbieter erhoben werden, obliegt einzig dem Drittanbieter. F\u00fcr weitere Einzelheiten wird auf die jeweils geltenden Datenschutzerkl\u00e4rungen der Drittanbieter verwiesen.<\/p>\n","protected":false},"excerpt":{"rendered":"<p>Verantwortliche\/r Verantwortliche\/r im Sinne der Datenschutz-Grundverordnung (DSGVO) und anderer nationaler Datenschutzgesetze der Mitgliedsstaaten sowie sonstiger datenschutzrechtlicher Bestimmungen ist: Senatsverwaltung f\u00fcr Bildung, Jugend und FamilieBernhard-Wei\u00df-Str. 610178 Berlin Name und Anschrift des DSB (Datenschutzbeauftragten) Der\/die Datenschutzbeauftragte des Verantwortlichen ist:\u00dcmit TekeSenatsverwaltung f\u00fcr Bildung, Jugend und FamilieBernhard-Wei\u00df-Str. 610178 Berlin E-Mail: Uemit.Teke@senbjf.berlin.de Umfang und Zweck [&hellip;]<\/p>\n","protected":false},"author":1,"featured_media":0,"parent":0,"menu_order":0,"comment_status":"closed","ping_status":"open","template":"","meta":{"es_repo_domain":"https:\/\/repository.oer-berlin.de\/edu-sharing\/","es_repo_ticket":"TICKET_9c13823059e2900965ebaf3c39b07818808c4aff","es_plugin_url":"https:\/\/oer-berlin.de\/wp-content\/plugins","footnotes":""},"class_list":["post-3","page","type-page","status-publish","hentry"],"_links":{"self":[{"href":"https:\/\/oer-berlin.de\/index.php?rest_route=\/wp\/v2\/pages\/3"}],"collection":[{"href":"https:\/\/oer-berlin.de\/index.php?rest_route=\/wp\/v2\/pages"}],"about":[{"href":"https:\/\/oer-berlin.de\/index.php?rest_route=\/wp\/v2\/types\/page"}],"author":[{"embeddable":true,"href":"https:\/\/oer-berlin.de\/index.php?rest_route=\/wp\/v2\/users\/1"}],"replies":[{"embeddable":true,"href":"https:\/\/oer-berlin.de\/index.php?rest_route=%2Fwp%2Fv2%2Fcomments&post=3"}],"version-history":[{"count":4,"href":"https:\/\/oer-berlin.de\/index.php?rest_route=\/wp\/v2\/pages\/3\/revisions"}],"predecessor-version":[{"id":388,"href":"https:\/\/oer-berlin.de\/index.php?rest_route=\/wp\/v2\/pages\/3\/revisions\/388"}],"wp:attachment":[{"href":"https:\/\/oer-berlin.de\/index.php?rest_route=%2Fwp%2Fv2%2Fmedia&parent=3"}],"curies":[{"name":"wp","href":"https:\/\/api.w.org\/{rel}","templated":true}]}}