{"id":43,"date":"2019-12-11T11:59:43","date_gmt":"2019-12-11T10:59:43","guid":{"rendered":"http:\/\/localhost:8080\/?page_id=43"},"modified":"2025-12-03T09:40:46","modified_gmt":"2025-12-03T08:40:46","slug":"ueber-oer-berlin","status":"publish","type":"page","link":"https:\/\/oer-berlin.de\/?page_id=43","title":{"rendered":"\u00dcber OER in der SenBJF"},"content":{"rendered":"\n<p>OER k\u00f6nnen einen substantiellen Beitrag dazu leisten, die Digitalisierung der Lehre voranzutreiben und die Lehr- und Lernkultur zu ver\u00e4ndern. Sie lassen sich in mehrfacher Hinsicht als Katalysator f\u00fcr Ver\u00e4nderungen in der schulischen Bildung und beruflichen Schulen\/OSZ, in der Aus- und Weiterbildung, bei der Fort- und Erwachsenenbildung sowie f\u00fcr das Gruppen- und Selbstlernen verstehen: Lehrkr\u00e4fte, Mitarbeiterinnen und Mitarbeiter der SenBJF sowie von ihr beauftragte Personen und an der Erstellung von Bildungsmaterialien beteiligte Personen besch\u00e4ftigen sich mit den offenen Materialien und Inhalten in mediendidaktischer Weise, um Inhalte zu erstellen oder neu zusammen zu stellen und eignen sich Kenntnisse zu urheberrechtlichen Aspekten an. Sie lernen neue Ans\u00e4tze kennen, die wiederum Einfluss auf die Ausgestaltung des Unterrichts beziehungsweise des p\u00e4dagogischen Settings, der Lernaktivit\u00e4ten sowie der Lehr- und Lernmethoden haben. Zudem k\u00f6nnen im Zuge der OER-Praxis bei Kindern, Sch\u00fclerinnen und Sch\u00fclern, Teilnehmenden von Aus-, Fort- und Weiterbildungen und in der Erwachsenenbildung unterschiedliche Kompetenzen aufgebaut werden, die sich an der diesbez\u00fcglichen Strategie der Kultusministerkonferenz (KMK) orientieren. Somit bef\u00f6rdern OER die Selbstverantwortung und die Digitalkompetenz von p\u00e4dagogischen Fachkr\u00e4ften sowie von Produzentinnen und Produzenten von Bildungsmaterialien.<\/p>\n\n\n\n<p>Die im bisherigen SenBJF-Aktionsrahmen \u201eOpen Education\u201c und in der OER-Policy (<a href=\"http:\/\/oer-berlin.de\/wp-content\/uploads\/2025\/12\/oer_policy.pdf\" target=\"_blank\" rel=\"noreferrer noopener\">Link zum Download<\/a>) integrierten Ma\u00dfnahmen integrierten Ma\u00dfnahmen unterstreichen den Anspruch, die formellen Bildungsorte Kita, Grundschulen und weiterf\u00fchrende Schulen, Berufsschulen und Volkshochschulen an ver\u00e4nderte Anforderungen unserer digitalisierten Gesellschaft anzupassen.<\/p>\n\n\n\n<p>Die SenBJF ist \u00fcberzeugt, dass OER wichtige Impulse f\u00fcr die Weiterentwicklung von Lehr-\/Lernmethoden geben und eine \u00fcbergreifende Kooperation sowie kollegialen Austausch von Mitarbeiterinnen und Mitarbeiter zu st\u00e4rken, sowohl in der fr\u00fchkindlichen Bildung in der Kita, der schulischen Ausbildung, in beruflichen Schulen\/OSZ sowie der Erwachsenenbildung. Die SenBJF versteht OER als Teil einer nachhaltigen Qualit\u00e4tsentwicklung von Lehre und Bildung.<\/p>\n\n\n\n<div style=\"height:250px\" aria-hidden=\"true\" class=\"wp-block-spacer\"><\/div>\n","protected":false},"excerpt":{"rendered":"<p>OER k\u00f6nnen einen substantiellen Beitrag dazu leisten, die Digitalisierung der Lehre voranzutreiben und die Lehr- und Lernkultur zu ver\u00e4ndern. Sie lassen sich in mehrfacher Hinsicht als Katalysator f\u00fcr Ver\u00e4nderungen in der schulischen Bildung und beruflichen Schulen\/OSZ, in der Aus- und Weiterbildung, bei der Fort- und Erwachsenenbildung sowie f\u00fcr das Gruppen- [&hellip;]<\/p>\n","protected":false},"author":1,"featured_media":70,"parent":0,"menu_order":0,"comment_status":"closed","ping_status":"closed","template":"","meta":{"es_repo_domain":"https:\/\/repository.oer-berlin.de\/edu-sharing\/","es_repo_ticket":"TICKET_ade6790e563261622067b045d858044934c882a2","es_plugin_url":"https:\/\/oer-berlin.de\/wp-content\/plugins","footnotes":""},"class_list":["post-43","page","type-page","status-publish","has-post-thumbnail","hentry"],"_links":{"self":[{"href":"https:\/\/oer-berlin.de\/index.php?rest_route=\/wp\/v2\/pages\/43"}],"collection":[{"href":"https:\/\/oer-berlin.de\/index.php?rest_route=\/wp\/v2\/pages"}],"about":[{"href":"https:\/\/oer-berlin.de\/index.php?rest_route=\/wp\/v2\/types\/page"}],"author":[{"embeddable":true,"href":"https:\/\/oer-berlin.de\/index.php?rest_route=\/wp\/v2\/users\/1"}],"replies":[{"embeddable":true,"href":"https:\/\/oer-berlin.de\/index.php?rest_route=%2Fwp%2Fv2%2Fcomments&post=43"}],"version-history":[{"count":11,"href":"https:\/\/oer-berlin.de\/index.php?rest_route=\/wp\/v2\/pages\/43\/revisions"}],"predecessor-version":[{"id":442,"href":"https:\/\/oer-berlin.de\/index.php?rest_route=\/wp\/v2\/pages\/43\/revisions\/442"}],"wp:featuredmedia":[{"embeddable":true,"href":"https:\/\/oer-berlin.de\/index.php?rest_route=\/wp\/v2\/media\/70"}],"wp:attachment":[{"href":"https:\/\/oer-berlin.de\/index.php?rest_route=%2Fwp%2Fv2%2Fmedia&parent=43"}],"curies":[{"name":"wp","href":"https:\/\/api.w.org\/{rel}","templated":true}]}}